{"id":1428,"date":"2022-03-23T08:53:12","date_gmt":"2022-03-23T08:53:12","guid":{"rendered":"\/\/www.jama.se\/about-jama\/rd\/"},"modified":"2022-11-08T15:40:45","modified_gmt":"2022-11-08T15:40:45","slug":"rd","status":"publish","type":"page","link":"https:\/\/www.jama.se\/sv\/om-jama\/rd\/","title":{"rendered":"Jamas R&#038;D-avdelning"},"content":{"rendered":"","protected":false},"excerpt":{"rendered":"","protected":false},"author":2,"featured_media":883,"parent":1420,"menu_order":0,"comment_status":"closed","ping_status":"closed","template":"page-text-light.php","meta":{"_acf_changed":false,"footnotes":""},"class_list":["post-1428","page","type-page","status-publish","has-post-thumbnail","hentry"],"acf":[],"yoast_head":"<!-- This site is optimized with the Yoast SEO plugin v27.4 - https:\/\/yoast.com\/product\/yoast-seo-wordpress\/ -->\n<title>Jamas R&amp;D-avdelning - Jama Mining Machines<\/title>\n<meta name=\"robots\" content=\"index, follow, max-snippet:-1, max-image-preview:large, max-video-preview:-1\" \/>\n<link rel=\"canonical\" href=\"https:\/\/www.jama.se\/about-jama\/rd\/\" \/>\n<meta property=\"og:locale\" content=\"sv_SE\" \/>\n<meta property=\"og:type\" content=\"article\" \/>\n<meta property=\"og:title\" content=\"Jamas R&amp;D-avdelning - Jama Mining Machines\" \/>\n<meta property=\"og:url\" content=\"https:\/\/www.jama.se\/about-jama\/rd\/\" \/>\n<meta property=\"og:site_name\" content=\"Jama Mining Machines\" \/>\n<meta property=\"article:modified_time\" content=\"2022-11-08T15:40:45+00:00\" \/>\n<meta property=\"og:image\" content=\"https:\/\/www.jama.se\/wp-content\/uploads\/2022\/04\/Topp_bild_Annelie_RD_1_PD_220215_8212-Redigera.jpg\" \/>\n\t<meta property=\"og:image:width\" content=\"2048\" \/>\n\t<meta property=\"og:image:height\" content=\"1366\" \/>\n\t<meta property=\"og:image:type\" content=\"image\/jpeg\" \/>\n<meta name=\"twitter:card\" content=\"summary_large_image\" \/>\n<script type=\"application\/ld+json\" class=\"yoast-schema-graph\">{\"@context\":\"https:\\\/\\\/schema.org\",\"@graph\":[{\"@type\":\"WebPage\",\"@id\":\"https:\\\/\\\/www.jama.se\\\/about-jama\\\/rd\\\/\",\"url\":\"https:\\\/\\\/www.jama.se\\\/about-jama\\\/rd\\\/\",\"name\":\"Jamas R&D-avdelning - Jama Mining Machines\",\"isPartOf\":{\"@id\":\"https:\\\/\\\/www.jama.se\\\/#website\"},\"primaryImageOfPage\":{\"@id\":\"https:\\\/\\\/www.jama.se\\\/about-jama\\\/rd\\\/#primaryimage\"},\"image\":{\"@id\":\"https:\\\/\\\/www.jama.se\\\/about-jama\\\/rd\\\/#primaryimage\"},\"thumbnailUrl\":\"https:\\\/\\\/www.jama.se\\\/wp-content\\\/uploads\\\/2022\\\/04\\\/Topp_bild_Annelie_RD_1_PD_220215_8212-Redigera.jpg\",\"datePublished\":\"2022-03-23T08:53:12+00:00\",\"dateModified\":\"2022-11-08T15:40:45+00:00\",\"breadcrumb\":{\"@id\":\"https:\\\/\\\/www.jama.se\\\/about-jama\\\/rd\\\/#breadcrumb\"},\"inLanguage\":\"sv-SE\",\"potentialAction\":[{\"@type\":\"ReadAction\",\"target\":[\"https:\\\/\\\/www.jama.se\\\/about-jama\\\/rd\\\/\"]}]},{\"@type\":\"ImageObject\",\"inLanguage\":\"sv-SE\",\"@id\":\"https:\\\/\\\/www.jama.se\\\/about-jama\\\/rd\\\/#primaryimage\",\"url\":\"https:\\\/\\\/www.jama.se\\\/wp-content\\\/uploads\\\/2022\\\/04\\\/Topp_bild_Annelie_RD_1_PD_220215_8212-Redigera.jpg\",\"contentUrl\":\"https:\\\/\\\/www.jama.se\\\/wp-content\\\/uploads\\\/2022\\\/04\\\/Topp_bild_Annelie_RD_1_PD_220215_8212-Redigera.jpg\",\"width\":2048,\"height\":1366},{\"@type\":\"BreadcrumbList\",\"@id\":\"https:\\\/\\\/www.jama.se\\\/about-jama\\\/rd\\\/#breadcrumb\",\"itemListElement\":[{\"@type\":\"ListItem\",\"position\":1,\"name\":\"Home\",\"item\":\"https:\\\/\\\/www.jama.se\\\/sv\\\/\"},{\"@type\":\"ListItem\",\"position\":2,\"name\":\"Om Jama\",\"item\":\"https:\\\/\\\/www.jama.se\\\/about-jama\\\/\"},{\"@type\":\"ListItem\",\"position\":3,\"name\":\"Jamas R&#038;D-avdelning\"}]},{\"@type\":\"WebSite\",\"@id\":\"https:\\\/\\\/www.jama.se\\\/#website\",\"url\":\"https:\\\/\\\/www.jama.se\\\/\",\"name\":\"Jama Mining Machines\",\"description\":\"V\u00e4rldsledande f\u00f6retag inom sitt segment av tunga specialmaskiner och utrustning f\u00f6r den internationella gruvindustrin\",\"potentialAction\":[{\"@type\":\"SearchAction\",\"target\":{\"@type\":\"EntryPoint\",\"urlTemplate\":\"https:\\\/\\\/www.jama.se\\\/?s={search_term_string}\"},\"query-input\":{\"@type\":\"PropertyValueSpecification\",\"valueRequired\":true,\"valueName\":\"search_term_string\"}}],\"inLanguage\":\"sv-SE\"}]}<\/script>\n<!-- \/ Yoast SEO plugin. -->","yoast_head_json":{"title":"Jamas R&D-avdelning - Jama Mining Machines","robots":{"index":"index","follow":"follow","max-snippet":"max-snippet:-1","max-image-preview":"max-image-preview:large","max-video-preview":"max-video-preview:-1"},"canonical":"https:\/\/www.jama.se\/about-jama\/rd\/","og_locale":"sv_SE","og_type":"article","og_title":"Jamas R&D-avdelning - Jama Mining Machines","og_url":"https:\/\/www.jama.se\/about-jama\/rd\/","og_site_name":"Jama Mining Machines","article_modified_time":"2022-11-08T15:40:45+00:00","og_image":[{"width":2048,"height":1366,"url":"https:\/\/www.jama.se\/wp-content\/uploads\/2022\/04\/Topp_bild_Annelie_RD_1_PD_220215_8212-Redigera.jpg","type":"image\/jpeg"}],"twitter_card":"summary_large_image","schema":{"@context":"https:\/\/schema.org","@graph":[{"@type":"WebPage","@id":"https:\/\/www.jama.se\/about-jama\/rd\/","url":"https:\/\/www.jama.se\/about-jama\/rd\/","name":"Jamas R&D-avdelning - Jama Mining Machines","isPartOf":{"@id":"https:\/\/www.jama.se\/#website"},"primaryImageOfPage":{"@id":"https:\/\/www.jama.se\/about-jama\/rd\/#primaryimage"},"image":{"@id":"https:\/\/www.jama.se\/about-jama\/rd\/#primaryimage"},"thumbnailUrl":"https:\/\/www.jama.se\/wp-content\/uploads\/2022\/04\/Topp_bild_Annelie_RD_1_PD_220215_8212-Redigera.jpg","datePublished":"2022-03-23T08:53:12+00:00","dateModified":"2022-11-08T15:40:45+00:00","breadcrumb":{"@id":"https:\/\/www.jama.se\/about-jama\/rd\/#breadcrumb"},"inLanguage":"sv-SE","potentialAction":[{"@type":"ReadAction","target":["https:\/\/www.jama.se\/about-jama\/rd\/"]}]},{"@type":"ImageObject","inLanguage":"sv-SE","@id":"https:\/\/www.jama.se\/about-jama\/rd\/#primaryimage","url":"https:\/\/www.jama.se\/wp-content\/uploads\/2022\/04\/Topp_bild_Annelie_RD_1_PD_220215_8212-Redigera.jpg","contentUrl":"https:\/\/www.jama.se\/wp-content\/uploads\/2022\/04\/Topp_bild_Annelie_RD_1_PD_220215_8212-Redigera.jpg","width":2048,"height":1366},{"@type":"BreadcrumbList","@id":"https:\/\/www.jama.se\/about-jama\/rd\/#breadcrumb","itemListElement":[{"@type":"ListItem","position":1,"name":"Home","item":"https:\/\/www.jama.se\/sv\/"},{"@type":"ListItem","position":2,"name":"Om Jama","item":"https:\/\/www.jama.se\/about-jama\/"},{"@type":"ListItem","position":3,"name":"Jamas R&#038;D-avdelning"}]},{"@type":"WebSite","@id":"https:\/\/www.jama.se\/#website","url":"https:\/\/www.jama.se\/","name":"Jama Mining Machines","description":"V\u00e4rldsledande f\u00f6retag inom sitt segment av tunga specialmaskiner och utrustning f\u00f6r den internationella gruvindustrin","potentialAction":[{"@type":"SearchAction","target":{"@type":"EntryPoint","urlTemplate":"https:\/\/www.jama.se\/?s={search_term_string}"},"query-input":{"@type":"PropertyValueSpecification","valueRequired":true,"valueName":"search_term_string"}}],"inLanguage":"sv-SE"}]}},"_links":{"self":[{"href":"https:\/\/www.jama.se\/sv\/wp-json\/wp\/v2\/pages\/1428","targetHints":{"allow":["GET"]}}],"collection":[{"href":"https:\/\/www.jama.se\/sv\/wp-json\/wp\/v2\/pages"}],"about":[{"href":"https:\/\/www.jama.se\/sv\/wp-json\/wp\/v2\/types\/page"}],"author":[{"embeddable":true,"href":"https:\/\/www.jama.se\/sv\/wp-json\/wp\/v2\/users\/2"}],"replies":[{"embeddable":true,"href":"https:\/\/www.jama.se\/sv\/wp-json\/wp\/v2\/comments?post=1428"}],"version-history":[{"count":7,"href":"https:\/\/www.jama.se\/sv\/wp-json\/wp\/v2\/pages\/1428\/revisions"}],"predecessor-version":[{"id":3403,"href":"https:\/\/www.jama.se\/sv\/wp-json\/wp\/v2\/pages\/1428\/revisions\/3403"}],"up":[{"embeddable":true,"href":"https:\/\/www.jama.se\/sv\/wp-json\/wp\/v2\/pages\/1420"}],"wp:featuredmedia":[{"embeddable":true,"href":"https:\/\/www.jama.se\/sv\/wp-json\/wp\/v2\/media\/883"}],"wp:attachment":[{"href":"https:\/\/www.jama.se\/sv\/wp-json\/wp\/v2\/media?parent=1428"}],"curies":[{"name":"wp","href":"https:\/\/api.w.org\/{rel}","templated":true}]}}