{"id":1467,"date":"2022-03-23T11:12:57","date_gmt":"2022-03-23T11:12:57","guid":{"rendered":"\/\/www.jama.se\/contact-us\/contact-persons\/"},"modified":"2022-11-04T11:39:35","modified_gmt":"2022-11-04T11:39:35","slug":"kontakt","status":"publish","type":"page","link":"https:\/\/www.jama.se\/sv\/kontakt\/","title":{"rendered":"Kontakt"},"content":{"rendered":"","protected":false},"excerpt":{"rendered":"","protected":false},"author":2,"featured_media":0,"parent":0,"menu_order":0,"comment_status":"closed","ping_status":"closed","template":"page-text-light.php","meta":{"_acf_changed":false,"footnotes":""},"class_list":["post-1467","page","type-page","status-publish","hentry"],"acf":[],"yoast_head":"<!-- This site is optimized with the Yoast SEO plugin v27.3 - https:\/\/yoast.com\/product\/yoast-seo-wordpress\/ -->\n<title>Kontakt - Jama Mining Machines<\/title>\n<meta name=\"robots\" content=\"index, follow, max-snippet:-1, max-image-preview:large, max-video-preview:-1\" \/>\n<link rel=\"canonical\" href=\"https:\/\/www.jama.se\/sv\/kontakt\/\" \/>\n<meta property=\"og:locale\" content=\"sv_SE\" \/>\n<meta property=\"og:type\" content=\"article\" \/>\n<meta property=\"og:title\" content=\"Kontakt - Jama Mining Machines\" \/>\n<meta property=\"og:url\" content=\"https:\/\/www.jama.se\/sv\/kontakt\/\" \/>\n<meta property=\"og:site_name\" content=\"Jama Mining Machines\" \/>\n<meta property=\"article:modified_time\" content=\"2022-11-04T11:39:35+00:00\" \/>\n<meta name=\"twitter:card\" content=\"summary_large_image\" \/>\n<script type=\"application\/ld+json\" class=\"yoast-schema-graph\">{\"@context\":\"https:\\\/\\\/schema.org\",\"@graph\":[{\"@type\":\"WebPage\",\"@id\":\"https:\\\/\\\/www.jama.se\\\/sv\\\/kontakt\\\/\",\"url\":\"https:\\\/\\\/www.jama.se\\\/sv\\\/kontakt\\\/\",\"name\":\"Kontakt - Jama Mining Machines\",\"isPartOf\":{\"@id\":\"https:\\\/\\\/www.jama.se\\\/#website\"},\"datePublished\":\"2022-03-23T11:12:57+00:00\",\"dateModified\":\"2022-11-04T11:39:35+00:00\",\"breadcrumb\":{\"@id\":\"https:\\\/\\\/www.jama.se\\\/sv\\\/kontakt\\\/#breadcrumb\"},\"inLanguage\":\"sv-SE\",\"potentialAction\":[{\"@type\":\"ReadAction\",\"target\":[\"https:\\\/\\\/www.jama.se\\\/sv\\\/kontakt\\\/\"]}]},{\"@type\":\"BreadcrumbList\",\"@id\":\"https:\\\/\\\/www.jama.se\\\/sv\\\/kontakt\\\/#breadcrumb\",\"itemListElement\":[{\"@type\":\"ListItem\",\"position\":1,\"name\":\"Home\",\"item\":\"https:\\\/\\\/www.jama.se\\\/sv\\\/\"},{\"@type\":\"ListItem\",\"position\":2,\"name\":\"Kontakt\"}]},{\"@type\":\"WebSite\",\"@id\":\"https:\\\/\\\/www.jama.se\\\/#website\",\"url\":\"https:\\\/\\\/www.jama.se\\\/\",\"name\":\"Jama Mining Machines\",\"description\":\"V\u00e4rldsledande f\u00f6retag inom sitt segment av tunga specialmaskiner och utrustning f\u00f6r den internationella gruvindustrin\",\"potentialAction\":[{\"@type\":\"SearchAction\",\"target\":{\"@type\":\"EntryPoint\",\"urlTemplate\":\"https:\\\/\\\/www.jama.se\\\/?s={search_term_string}\"},\"query-input\":{\"@type\":\"PropertyValueSpecification\",\"valueRequired\":true,\"valueName\":\"search_term_string\"}}],\"inLanguage\":\"sv-SE\"}]}<\/script>\n<!-- \/ Yoast SEO plugin. -->","yoast_head_json":{"title":"Kontakt - Jama Mining Machines","robots":{"index":"index","follow":"follow","max-snippet":"max-snippet:-1","max-image-preview":"max-image-preview:large","max-video-preview":"max-video-preview:-1"},"canonical":"https:\/\/www.jama.se\/sv\/kontakt\/","og_locale":"sv_SE","og_type":"article","og_title":"Kontakt - Jama Mining Machines","og_url":"https:\/\/www.jama.se\/sv\/kontakt\/","og_site_name":"Jama Mining Machines","article_modified_time":"2022-11-04T11:39:35+00:00","twitter_card":"summary_large_image","schema":{"@context":"https:\/\/schema.org","@graph":[{"@type":"WebPage","@id":"https:\/\/www.jama.se\/sv\/kontakt\/","url":"https:\/\/www.jama.se\/sv\/kontakt\/","name":"Kontakt - Jama Mining Machines","isPartOf":{"@id":"https:\/\/www.jama.se\/#website"},"datePublished":"2022-03-23T11:12:57+00:00","dateModified":"2022-11-04T11:39:35+00:00","breadcrumb":{"@id":"https:\/\/www.jama.se\/sv\/kontakt\/#breadcrumb"},"inLanguage":"sv-SE","potentialAction":[{"@type":"ReadAction","target":["https:\/\/www.jama.se\/sv\/kontakt\/"]}]},{"@type":"BreadcrumbList","@id":"https:\/\/www.jama.se\/sv\/kontakt\/#breadcrumb","itemListElement":[{"@type":"ListItem","position":1,"name":"Home","item":"https:\/\/www.jama.se\/sv\/"},{"@type":"ListItem","position":2,"name":"Kontakt"}]},{"@type":"WebSite","@id":"https:\/\/www.jama.se\/#website","url":"https:\/\/www.jama.se\/","name":"Jama Mining Machines","description":"V\u00e4rldsledande f\u00f6retag inom sitt segment av tunga specialmaskiner och utrustning f\u00f6r den internationella gruvindustrin","potentialAction":[{"@type":"SearchAction","target":{"@type":"EntryPoint","urlTemplate":"https:\/\/www.jama.se\/?s={search_term_string}"},"query-input":{"@type":"PropertyValueSpecification","valueRequired":true,"valueName":"search_term_string"}}],"inLanguage":"sv-SE"}]}},"_links":{"self":[{"href":"https:\/\/www.jama.se\/sv\/wp-json\/wp\/v2\/pages\/1467","targetHints":{"allow":["GET"]}}],"collection":[{"href":"https:\/\/www.jama.se\/sv\/wp-json\/wp\/v2\/pages"}],"about":[{"href":"https:\/\/www.jama.se\/sv\/wp-json\/wp\/v2\/types\/page"}],"author":[{"embeddable":true,"href":"https:\/\/www.jama.se\/sv\/wp-json\/wp\/v2\/users\/2"}],"replies":[{"embeddable":true,"href":"https:\/\/www.jama.se\/sv\/wp-json\/wp\/v2\/comments?post=1467"}],"version-history":[{"count":12,"href":"https:\/\/www.jama.se\/sv\/wp-json\/wp\/v2\/pages\/1467\/revisions"}],"predecessor-version":[{"id":3354,"href":"https:\/\/www.jama.se\/sv\/wp-json\/wp\/v2\/pages\/1467\/revisions\/3354"}],"wp:attachment":[{"href":"https:\/\/www.jama.se\/sv\/wp-json\/wp\/v2\/media?parent=1467"}],"curies":[{"name":"wp","href":"https:\/\/api.w.org\/{rel}","templated":true}]}}