{"id":4125,"date":"2025-04-07T08:57:26","date_gmt":"2025-04-07T08:57:26","guid":{"rendered":"https:\/\/www.jama.se\/?page_id=4125"},"modified":"2025-09-10T07:41:48","modified_gmt":"2025-09-10T07:41:48","slug":"service","status":"publish","type":"page","link":"https:\/\/www.jama.se\/sv\/eftermarknad\/service\/","title":{"rendered":"Service"},"content":{"rendered":"","protected":false},"excerpt":{"rendered":"","protected":false},"author":2,"featured_media":0,"parent":4099,"menu_order":0,"comment_status":"closed","ping_status":"closed","template":"page.php","meta":{"_acf_changed":false,"footnotes":""},"class_list":["post-4125","page","type-page","status-publish","hentry"],"acf":[],"yoast_head":"<!-- This site is optimized with the Yoast SEO plugin v27.3 - https:\/\/yoast.com\/product\/yoast-seo-wordpress\/ -->\n<title>Service - Jama Mining Machines<\/title>\n<meta name=\"robots\" content=\"index, follow, max-snippet:-1, max-image-preview:large, max-video-preview:-1\" \/>\n<link rel=\"canonical\" href=\"https:\/\/www.jama.se\/sv\/eftermarknad\/service\/\" \/>\n<meta property=\"og:locale\" content=\"sv_SE\" \/>\n<meta property=\"og:type\" content=\"article\" \/>\n<meta property=\"og:title\" content=\"Service - Jama Mining Machines\" \/>\n<meta property=\"og:url\" content=\"https:\/\/www.jama.se\/sv\/eftermarknad\/service\/\" \/>\n<meta property=\"og:site_name\" content=\"Jama Mining Machines\" \/>\n<meta property=\"article:modified_time\" content=\"2025-09-10T07:41:48+00:00\" \/>\n<meta name=\"twitter:card\" content=\"summary_large_image\" \/>\n<script type=\"application\/ld+json\" class=\"yoast-schema-graph\">{\"@context\":\"https:\\\/\\\/schema.org\",\"@graph\":[{\"@type\":\"WebPage\",\"@id\":\"https:\\\/\\\/www.jama.se\\\/sv\\\/eftermarknad\\\/service\\\/\",\"url\":\"https:\\\/\\\/www.jama.se\\\/sv\\\/eftermarknad\\\/service\\\/\",\"name\":\"Service - Jama Mining Machines\",\"isPartOf\":{\"@id\":\"https:\\\/\\\/www.jama.se\\\/#website\"},\"datePublished\":\"2025-04-07T08:57:26+00:00\",\"dateModified\":\"2025-09-10T07:41:48+00:00\",\"breadcrumb\":{\"@id\":\"https:\\\/\\\/www.jama.se\\\/sv\\\/eftermarknad\\\/service\\\/#breadcrumb\"},\"inLanguage\":\"sv-SE\",\"potentialAction\":[{\"@type\":\"ReadAction\",\"target\":[\"https:\\\/\\\/www.jama.se\\\/sv\\\/eftermarknad\\\/service\\\/\"]}]},{\"@type\":\"BreadcrumbList\",\"@id\":\"https:\\\/\\\/www.jama.se\\\/sv\\\/eftermarknad\\\/service\\\/#breadcrumb\",\"itemListElement\":[{\"@type\":\"ListItem\",\"position\":1,\"name\":\"Home\",\"item\":\"https:\\\/\\\/www.jama.se\\\/sv\\\/\"},{\"@type\":\"ListItem\",\"position\":2,\"name\":\"Eftermarknad\",\"item\":\"https:\\\/\\\/www.jama.se\\\/sv\\\/eftermarknad\\\/\"},{\"@type\":\"ListItem\",\"position\":3,\"name\":\"Service\"}]},{\"@type\":\"WebSite\",\"@id\":\"https:\\\/\\\/www.jama.se\\\/#website\",\"url\":\"https:\\\/\\\/www.jama.se\\\/\",\"name\":\"Jama Mining Machines\",\"description\":\"V\u00e4rldsledande f\u00f6retag inom sitt segment av tunga specialmaskiner och utrustning f\u00f6r den internationella gruvindustrin\",\"potentialAction\":[{\"@type\":\"SearchAction\",\"target\":{\"@type\":\"EntryPoint\",\"urlTemplate\":\"https:\\\/\\\/www.jama.se\\\/?s={search_term_string}\"},\"query-input\":{\"@type\":\"PropertyValueSpecification\",\"valueRequired\":true,\"valueName\":\"search_term_string\"}}],\"inLanguage\":\"sv-SE\"}]}<\/script>\n<!-- \/ Yoast SEO plugin. -->","yoast_head_json":{"title":"Service - Jama Mining Machines","robots":{"index":"index","follow":"follow","max-snippet":"max-snippet:-1","max-image-preview":"max-image-preview:large","max-video-preview":"max-video-preview:-1"},"canonical":"https:\/\/www.jama.se\/sv\/eftermarknad\/service\/","og_locale":"sv_SE","og_type":"article","og_title":"Service - Jama Mining Machines","og_url":"https:\/\/www.jama.se\/sv\/eftermarknad\/service\/","og_site_name":"Jama Mining Machines","article_modified_time":"2025-09-10T07:41:48+00:00","twitter_card":"summary_large_image","schema":{"@context":"https:\/\/schema.org","@graph":[{"@type":"WebPage","@id":"https:\/\/www.jama.se\/sv\/eftermarknad\/service\/","url":"https:\/\/www.jama.se\/sv\/eftermarknad\/service\/","name":"Service - Jama Mining Machines","isPartOf":{"@id":"https:\/\/www.jama.se\/#website"},"datePublished":"2025-04-07T08:57:26+00:00","dateModified":"2025-09-10T07:41:48+00:00","breadcrumb":{"@id":"https:\/\/www.jama.se\/sv\/eftermarknad\/service\/#breadcrumb"},"inLanguage":"sv-SE","potentialAction":[{"@type":"ReadAction","target":["https:\/\/www.jama.se\/sv\/eftermarknad\/service\/"]}]},{"@type":"BreadcrumbList","@id":"https:\/\/www.jama.se\/sv\/eftermarknad\/service\/#breadcrumb","itemListElement":[{"@type":"ListItem","position":1,"name":"Home","item":"https:\/\/www.jama.se\/sv\/"},{"@type":"ListItem","position":2,"name":"Eftermarknad","item":"https:\/\/www.jama.se\/sv\/eftermarknad\/"},{"@type":"ListItem","position":3,"name":"Service"}]},{"@type":"WebSite","@id":"https:\/\/www.jama.se\/#website","url":"https:\/\/www.jama.se\/","name":"Jama Mining Machines","description":"V\u00e4rldsledande f\u00f6retag inom sitt segment av tunga specialmaskiner och utrustning f\u00f6r den internationella gruvindustrin","potentialAction":[{"@type":"SearchAction","target":{"@type":"EntryPoint","urlTemplate":"https:\/\/www.jama.se\/?s={search_term_string}"},"query-input":{"@type":"PropertyValueSpecification","valueRequired":true,"valueName":"search_term_string"}}],"inLanguage":"sv-SE"}]}},"_links":{"self":[{"href":"https:\/\/www.jama.se\/sv\/wp-json\/wp\/v2\/pages\/4125","targetHints":{"allow":["GET"]}}],"collection":[{"href":"https:\/\/www.jama.se\/sv\/wp-json\/wp\/v2\/pages"}],"about":[{"href":"https:\/\/www.jama.se\/sv\/wp-json\/wp\/v2\/types\/page"}],"author":[{"embeddable":true,"href":"https:\/\/www.jama.se\/sv\/wp-json\/wp\/v2\/users\/2"}],"replies":[{"embeddable":true,"href":"https:\/\/www.jama.se\/sv\/wp-json\/wp\/v2\/comments?post=4125"}],"version-history":[{"count":8,"href":"https:\/\/www.jama.se\/sv\/wp-json\/wp\/v2\/pages\/4125\/revisions"}],"predecessor-version":[{"id":4312,"href":"https:\/\/www.jama.se\/sv\/wp-json\/wp\/v2\/pages\/4125\/revisions\/4312"}],"up":[{"embeddable":true,"href":"https:\/\/www.jama.se\/sv\/wp-json\/wp\/v2\/pages\/4099"}],"wp:attachment":[{"href":"https:\/\/www.jama.se\/sv\/wp-json\/wp\/v2\/media?parent=4125"}],"curies":[{"name":"wp","href":"https:\/\/api.w.org\/{rel}","templated":true}]}}